{"id":55,"date":"2019-12-05T13:11:59","date_gmt":"2019-12-05T13:11:59","guid":{"rendered":"http:\/\/homepage.kgv-braunsfeld.de\/?page_id=55"},"modified":"2024-05-23T19:28:17","modified_gmt":"2024-05-23T19:28:17","slug":"impressum","status":"publish","type":"page","link":"https:\/\/homepage.kgv-braunsfeld.de\/?page_id=55","title":{"rendered":"Impressum"},"content":{"rendered":"\n<p><strong>Email:&nbsp;&nbsp;&nbsp;&nbsp;&nbsp;&nbsp;&nbsp;&nbsp;&nbsp;&nbsp;&nbsp; <\/strong><a href=\"mailto:info@kgv-braunsfeld.de\"><strong>Info@KGV-Braunsfeld.de<\/strong><\/a><strong><br><\/strong><\/p>\n\n\n\n<p><strong>Mobil:\u00a0\u00a0\u00a0\u00a0\u00a0\u00a0\u00a0\u00a0\u00a0\u00a0\u00a0 0177 \/ 344 244 9<br><\/strong><\/p>\n\n\n\n<p><strong>Anschrift:&nbsp;&nbsp;&nbsp;&nbsp; &nbsp; <\/strong><br><strong>Kleing\u00e4rtnerverein-K\u00f6ln-Braunsfeld e. V. &nbsp;&nbsp; &nbsp; &nbsp;&nbsp;&nbsp;&nbsp;&nbsp;&nbsp;&nbsp;&nbsp;&nbsp;&nbsp;&nbsp;&nbsp;<\/strong><br><strong>Walter-Binder-Weg 4 &nbsp; &nbsp;&nbsp; &nbsp;&nbsp;&nbsp;&nbsp;&nbsp;&nbsp;&nbsp;&nbsp;&nbsp;&nbsp;&nbsp;&nbsp;<\/strong><br><strong>50933 K\u00f6ln<\/strong><\/p>\n\n\n\n<h1 class=\"wp-block-heading\">Impressum<\/h1>\n\n\n\n<p><strong>Kleing\u00e4rtnerverein K\u00f6ln-Braunsfeld e. V.<br>Walter-Binder-Weg 4<br>50933 K\u00f6ln<\/strong><\/p>\n\n\n\n<p><strong>Tel.: 0177\/344 244 9<\/strong><\/p>\n\n\n\n<p><strong>Email: <\/strong><a href=\"mailto:Info@kgv-braunsfeld.de\"><strong>Info@KGV-Braunsfeld.de<\/strong><\/a><\/p>\n\n\n\n<p><strong>Vereinsregisternummer: 4444<\/strong><\/p>\n\n\n\n<p><strong>Gesetzlicher Vorstand:&nbsp;&nbsp;&nbsp;&nbsp;&nbsp;&nbsp;&nbsp;&nbsp; <\/strong><\/p>\n\n\n\n<figure class=\"wp-block-table\"><table><tbody><tr><td><strong>&nbsp;1. Vorsitzender<\/strong><\/td><td> <strong>&nbsp;Georg M\u00fcller<\/strong> <\/td><\/tr><tr><td><strong>&nbsp;1. Kassierer<\/strong><\/td><td>  <strong>Andreas Heimeier<\/strong><\/td><\/tr><\/tbody><\/table><\/figure>\n","protected":false},"excerpt":{"rendered":"<p>Email:&nbsp;&nbsp;&nbsp;&nbsp;&nbsp;&nbsp;&nbsp;&nbsp;&nbsp;&nbsp;&nbsp; Info@KGV-Braunsfeld.de Mobil:\u00a0\u00a0\u00a0\u00a0\u00a0\u00a0\u00a0\u00a0\u00a0\u00a0\u00a0 0177 \/ 344 244 9 Anschrift:&nbsp;&nbsp;&nbsp;&nbsp; &nbsp; Kleing\u00e4rtnerverein-K\u00f6ln-Braunsfeld e. V. &nbsp;&nbsp; &nbsp; &nbsp;&nbsp;&nbsp;&nbsp;&nbsp;&nbsp;&nbsp;&nbsp;&nbsp;&nbsp;&nbsp;&nbsp;Walter-Binder-Weg 4 &nbsp; &nbsp;&nbsp; &nbsp;&nbsp;&nbsp;&nbsp;&nbsp;&nbsp;&nbsp;&nbsp;&nbsp;&nbsp;&nbsp;&nbsp;50933 K\u00f6ln Impressum Kleing\u00e4rtnerverein K\u00f6ln-Braunsfeld e. V.Walter-Binder-Weg 450933 K\u00f6ln Tel.: 0177\/344 244 9 Email: Info@KGV-Braunsfeld.de Vereinsregisternummer: 4444 Gesetzlicher Vorstand:&nbsp;&nbsp;&nbsp;&nbsp;&nbsp;&nbsp;&nbsp;&nbsp; &nbsp;1. Vorsitzender &nbsp;Georg M\u00fcller &nbsp;1. Kassierer Andreas Heimeier<\/p>\n","protected":false},"author":1,"featured_media":0,"parent":0,"menu_order":0,"comment_status":"closed","ping_status":"closed","template":"","meta":{"footnotes":""},"class_list":["post-55","page","type-page","status-publish","hentry"],"_links":{"self":[{"href":"https:\/\/homepage.kgv-braunsfeld.de\/index.php?rest_route=\/wp\/v2\/pages\/55","targetHints":{"allow":["GET"]}}],"collection":[{"href":"https:\/\/homepage.kgv-braunsfeld.de\/index.php?rest_route=\/wp\/v2\/pages"}],"about":[{"href":"https:\/\/homepage.kgv-braunsfeld.de\/index.php?rest_route=\/wp\/v2\/types\/page"}],"author":[{"embeddable":true,"href":"https:\/\/homepage.kgv-braunsfeld.de\/index.php?rest_route=\/wp\/v2\/users\/1"}],"replies":[{"embeddable":true,"href":"https:\/\/homepage.kgv-braunsfeld.de\/index.php?rest_route=%2Fwp%2Fv2%2Fcomments&post=55"}],"version-history":[{"count":5,"href":"https:\/\/homepage.kgv-braunsfeld.de\/index.php?rest_route=\/wp\/v2\/pages\/55\/revisions"}],"predecessor-version":[{"id":259,"href":"https:\/\/homepage.kgv-braunsfeld.de\/index.php?rest_route=\/wp\/v2\/pages\/55\/revisions\/259"}],"wp:attachment":[{"href":"https:\/\/homepage.kgv-braunsfeld.de\/index.php?rest_route=%2Fwp%2Fv2%2Fmedia&parent=55"}],"curies":[{"name":"wp","href":"https:\/\/api.w.org\/{rel}","templated":true}]}}