

{"id":22,"date":"2019-12-05T11:58:43","date_gmt":"2019-12-05T11:58:43","guid":{"rendered":"http:\/\/homepage.kgv-braunsfeld.de\/?page_id=22"},"modified":"2019-12-05T13:05:56","modified_gmt":"2019-12-05T13:05:56","slug":"kleingartenverein-koeln-braunsfeld","status":"publish","type":"page","link":"https:\/\/homepage.kgv-braunsfeld.de\/","title":{"rendered":"Kleingartenverein K\u00f6ln-Braunsfeld"},"content":{"rendered":"\n<p class=\"has-text-color has-text-align-center has-pale-cyan-blue-color\"><strong>Kleing\u00e4rtner-Vereins K\u00f6ln-Braunsfeld e. V.<br>Die  Gartenanlage in und um den Stadtwald wurde am 16.12.1921 als  offizieller Verein eingetragen. Insgesamt verf\u00fcgen wir \u00fcber 108 G\u00e4rten  zwischen 240 m<\/strong>\u00b2<strong> und 580 m<\/strong>\u00b2<strong>. Der Verein z\u00e4hlt aktuell 121 Mitglieder und freut sich sehr \u00fcber weiteren Zuwachs.<\/strong><br><strong>Wir w\u00fcnschen Ihnen auf<\/strong> unserer Website viel Spass!<\/p>\n\n\n<h4><!--StartFragment--><\/h4>\n\n\n<p class=\"has-text-color has-very-light-gray-color\"><strong> <\/strong><\/p>\n\n\n<p><!--EndFragment--><\/p>\n\n\n<figure class=\"wp-block-image\"><img decoding=\"async\" src=\"blob:https:\/\/homepage.kgv-braunsfeld.de\/c4f626ac-ed5c-4230-bf6e-9bb6834dd928\" alt=\"\"\/><\/figure>\n\n\n\n\n\n\n\n<figure class=\"wp-block-image\"><img loading=\"lazy\" decoding=\"async\" width=\"800\" height=\"800\" src=\"https:\/\/homepage.kgv-braunsfeld.de\/wp-content\/uploads\/2019\/06\/257128812_219026.jpg\" alt=\"\" class=\"wp-image-23\" srcset=\"https:\/\/homepage.kgv-braunsfeld.de\/wp-content\/uploads\/2019\/06\/257128812_219026.jpg 800w, https:\/\/homepage.kgv-braunsfeld.de\/wp-content\/uploads\/2019\/06\/257128812_219026-150x150.jpg 150w, https:\/\/homepage.kgv-braunsfeld.de\/wp-content\/uploads\/2019\/06\/257128812_219026-300x300.jpg 300w, https:\/\/homepage.kgv-braunsfeld.de\/wp-content\/uploads\/2019\/06\/257128812_219026-768x768.jpg 768w, https:\/\/homepage.kgv-braunsfeld.de\/wp-content\/uploads\/2019\/06\/257128812_219026-100x100.jpg 100w\" sizes=\"auto, (max-width: 767px) 89vw, (max-width: 1000px) 54vw, (max-width: 1071px) 543px, 580px\" \/><\/figure>\n\n\n\n\n\n\t\t\t\t<div id=\"map_ol3js_1\" class=\"map undefined\" data-map_name=\"undefined\" data-map=\"map_ol3js_1\" style=\"width:95%; max-width:100%; height:450px; display:block; overflow:hidden;border:thin solid;\" >\n\t\t\t\t  <div id=\"map_ol3js_1_popup\" class=\"ol-popup\" >\n\t\t\t\t\t<a href=\"#\" id=\"map_ol3js_1_popup-closer\" class=\"ol-popup-closer\"><\/a>\n\t\t\t\t\t<div id=\"map_ol3js_1_popup-content\" ><\/div>\n\t\t\t\t  <\/div>\n\t\t\t\t<\/div>\n\t\t\t\n\n\t\t\t\t<script type=\"text\/javascript\">\n\t\t\t\t\ttranslations['openlayer'] = \"open layer\";\n\t\t\t\t\ttranslations['openlayerAtStartup'] = \"open layer at startup\";\n\t\t\t\t\ttranslations['generateLink'] = \"Der Link zur Karte mit ausgew\u00e4hlten Overlays und angezeigtem Ausschnitt\";\n\t\t\t\t\ttranslations['shortDescription'] = \"Kurzbeschreibung\";\n\t\t\t\t\ttranslations['generatedShortCode'] = \"to get a text control link paste this code in your wordpress editor\";\n\t\t\t\t\ttranslations['closeLayer'] = \"close layer\";\n\t\t\t\t\ttranslations['cantGenerateLink'] = \"put this string in the existing map short code to control this map\";\n\t\t\t  <\/script>\n\n\n\t\t\t  <script type=\"text\/javascript\">\n\t\t\t  vectorM['map_ol3js_1'] = [];\n\t        \n        var raster = getTileLayer(\"\",\"NoKey\");\t\t\t\n\n\t\t\t  var map_ol3js_1 = new ol.Map({\n\t\t\t\tinteractions: ol.interaction.defaults.defaults({mouseWheelZoom:false}),\n\t\t\t\tlayers: [raster],\n\t\t\t\ttarget: \"map_ol3js_1\",\n\t\t\t\tview: new ol.View({\n\t\t\t\t  center: ol.proj.transform([6.8711,50.9455], \"EPSG:4326\", \"EPSG:3857\"),\n\t\t\t\t  zoom: 17.375619208748873\n\t\t\t\t})\n\t\t\t  });\n\t\t\t  osm_addMarkerLayer(map_ol3js_1,6.8711,50.9455,\"https:\/\/homepage.kgv-braunsfeld.de\/wp-content\/plugins\/osm\/icons\/mic_black_flowers_10.png\",-16,-41,\"<p>KGV Braunsfeld<\/p>\") ; \naddControls2Map(map_ol3js_1,0,0,3,0,5,6,7,0,1);\nosm_addPopupClickhandler(map_ol3js_1,  \"map_ol3js_1\"); \nosm_addMouseHover(map_ol3js_1); <\/script>\n","protected":false},"excerpt":{"rendered":"<p>Kleing\u00e4rtner-Vereins K\u00f6ln-Braunsfeld e. V.Die Gartenanlage in und um den Stadtwald wurde am 16.12.1921 als offizieller Verein eingetragen. Insgesamt verf\u00fcgen wir \u00fcber 108 G\u00e4rten zwischen 240 m\u00b2 und 580 m\u00b2. Der Verein z\u00e4hlt aktuell 121 Mitglieder und freut sich sehr \u00fcber weiteren Zuwachs.Wir w\u00fcnschen Ihnen auf unserer Website viel Spass!<\/p>\n","protected":false},"author":1,"featured_media":0,"parent":0,"menu_order":0,"comment_status":"closed","ping_status":"closed","template":"","meta":{"footnotes":""},"class_list":["post-22","page","type-page","status-publish","hentry"],"_links":{"self":[{"href":"https:\/\/homepage.kgv-braunsfeld.de\/index.php?rest_route=\/wp\/v2\/pages\/22","targetHints":{"allow":["GET"]}}],"collection":[{"href":"https:\/\/homepage.kgv-braunsfeld.de\/index.php?rest_route=\/wp\/v2\/pages"}],"about":[{"href":"https:\/\/homepage.kgv-braunsfeld.de\/index.php?rest_route=\/wp\/v2\/types\/page"}],"author":[{"embeddable":true,"href":"https:\/\/homepage.kgv-braunsfeld.de\/index.php?rest_route=\/wp\/v2\/users\/1"}],"replies":[{"embeddable":true,"href":"https:\/\/homepage.kgv-braunsfeld.de\/index.php?rest_route=%2Fwp%2Fv2%2Fcomments&post=22"}],"version-history":[{"count":3,"href":"https:\/\/homepage.kgv-braunsfeld.de\/index.php?rest_route=\/wp\/v2\/pages\/22\/revisions"}],"predecessor-version":[{"id":84,"href":"https:\/\/homepage.kgv-braunsfeld.de\/index.php?rest_route=\/wp\/v2\/pages\/22\/revisions\/84"}],"wp:attachment":[{"href":"https:\/\/homepage.kgv-braunsfeld.de\/index.php?rest_route=%2Fwp%2Fv2%2Fmedia&parent=22"}],"curies":[{"name":"wp","href":"https:\/\/api.w.org\/{rel}","templated":true}]}}